{"id":41,"date":"2021-05-13T17:01:15","date_gmt":"2021-05-13T17:01:15","guid":{"rendered":"https:\/\/3dall.ro\/?page_id=41"},"modified":"2022-06-15T09:40:41","modified_gmt":"2022-06-15T09:40:41","slug":"3d-all-custom","status":"publish","type":"page","link":"https:\/\/3dall.ro\/en\/3d-all-custom\/","title":{"rendered":"3D ALL Custom"},"content":{"rendered":"<div class=\"wp-block-cover is-light\"><span aria-hidden=\"true\" class=\"wp-block-cover__background has-background-dim-0 has-background-dim\"><\/span><img loading=\"lazy\" decoding=\"async\" width=\"2880\" height=\"896\" class=\"wp-block-cover__image-background wp-image-96\" alt=\"\" src=\"https:\/\/3dall.ro\/wp-content\/uploads\/2021\/05\/hero-background-standard.png\" data-object-fit=\"cover\" title=\"\" srcset=\"https:\/\/3dall.ro\/wp-content\/uploads\/2021\/05\/hero-background-standard.png 2880w, https:\/\/3dall.ro\/wp-content\/uploads\/2021\/05\/hero-background-standard-300x93.png 300w, https:\/\/3dall.ro\/wp-content\/uploads\/2021\/05\/hero-background-standard-1024x319.png 1024w, https:\/\/3dall.ro\/wp-content\/uploads\/2021\/05\/hero-background-standard-768x239.png 768w, https:\/\/3dall.ro\/wp-content\/uploads\/2021\/05\/hero-background-standard-1536x478.png 1536w, https:\/\/3dall.ro\/wp-content\/uploads\/2021\/05\/hero-background-standard-2048x637.png 2048w, https:\/\/3dall.ro\/wp-content\/uploads\/2021\/05\/hero-background-standard-1568x488.png 1568w\" sizes=\"auto, (max-width: 2880px) 100vw, 2880px\" \/><div class=\"wp-block-cover__inner-container is-layout-flow wp-block-cover-is-layout-flow\">\n<div class=\"container\">\n<div class=\"hero-copy-left\">Customized libraries are perfect for you if you already use imos or if you are thinking to use an imos based solution.<\/div>\n<\/div>\n<\/div><\/div>\n\n\n\n<div class=\"wp-block-group separator\"><div class=\"wp-block-group__inner-container is-layout-flow wp-block-group-is-layout-flow\">\n<p class=\"has-text-align-center container header\">Customized databases<\/p>\n<\/div><\/div>\n\n\n\n<div class=\"wp-block-group container custom-block-1\"><div class=\"wp-block-group__inner-container is-layout-flow wp-block-group-is-layout-flow\">\n<div class=\"wp-block-media-text alignwide has-media-on-the-right is-stacked-on-mobile\"><figure class=\"wp-block-media-text__media\"><img loading=\"lazy\" decoding=\"async\" width=\"1024\" height=\"816\" src=\"https:\/\/3dall.ro\/wp-content\/uploads\/2021\/08\/Custom-1.png\" alt=\"\" class=\"wp-image-149 size-full\" title=\"\" srcset=\"https:\/\/3dall.ro\/wp-content\/uploads\/2021\/08\/Custom-1.png 1681w, https:\/\/3dall.ro\/wp-content\/uploads\/2021\/08\/Custom-1-300x178.png 300w, https:\/\/3dall.ro\/wp-content\/uploads\/2021\/08\/Custom-1-1024x607.png 1024w, https:\/\/3dall.ro\/wp-content\/uploads\/2021\/08\/Custom-1-768x455.png 768w, https:\/\/3dall.ro\/wp-content\/uploads\/2021\/08\/Custom-1-1536x910.png 1536w, https:\/\/3dall.ro\/wp-content\/uploads\/2021\/08\/Custom-1-18x12.png 18w, https:\/\/3dall.ro\/wp-content\/uploads\/2021\/08\/Custom-1-1568x929.png 1568w\" sizes=\"auto, (max-width: 1024px) 100vw, 1024px\" \/><\/figure><div class=\"wp-block-media-text__content\">\n<p class=\"column-text has-extra-small-font-size\">If you are an imos user, you (as well) probably have difficulties in finding designers and their salary costs are significant high. Often the design takes longer than you would like, which causes blockages in production and even the impossibility of executing new projects. At the same time, a solid database that could eliminate these shortcomings is created over a long period of time and its structure and organization are very important for a smooth and fast way of working.  <\/p>\n\n\n\n<p class=\"column-text\">3D ALL specialists have a relevant experience in imos design and in creating databases for this platform.<\/p>\n\n\n\n<p class=\"column-text\">Based on your specifications, we can build a library that fits perfectly with the way you work. This way you benefit, in a short time, from a database which will help you increase the efficiency of your designers by over 50%, that will be reflected in time savings and cost reduction.<\/p>\n<\/div><\/div>\n\n\n\n<p class=\"has-text-align-center subheader\"><\/p>\n\n\n\n<p class=\"has-text-align-center subheader\">Manufacturers, types of materials and accessories, types of cabinets, construction principles...? <br> YOU DECIDE, we execute. <\/p>\n<\/div><\/div>\n\n\n\n<div class=\"wp-block-group separator\"><div class=\"wp-block-group__inner-container is-layout-flow wp-block-group-is-layout-flow\">\n<div class=\"wp-block-buttons is-horizontal is-content-justification-center is-layout-flex wp-container-core-buttons-is-layout-499968f5 wp-block-buttons-is-layout-flex\">\n<div class=\"wp-block-button has-custom-font-size has-normal-font-size\"><a class=\"wp-block-button__link has-white-background-color has-text-color has-background\" href=\"https:\/\/3dall.ro\/en\/contact\/\" style=\"border-radius:28px;color:#2c3e50\">Ask for your customized price offer<\/a><\/div>\n<\/div>\n<\/div><\/div>\n\n\n\n<div id=\"proiectarelacomanda\" class=\"wp-block-group container custom-block-1\"><div class=\"wp-block-group__inner-container is-layout-flow wp-block-group-is-layout-flow\">\n<div class=\"wp-block-media-text alignwide is-stacked-on-mobile\"><figure class=\"wp-block-media-text__media\"><img loading=\"lazy\" decoding=\"async\" width=\"1024\" height=\"697\" src=\"https:\/\/3dall.ro\/wp-content\/uploads\/2021\/06\/program_proiectare_mobila-1024x697.png\" alt=\"\" class=\"wp-image-152 size-full\" title=\"\" srcset=\"https:\/\/3dall.ro\/wp-content\/uploads\/2021\/06\/program_proiectare_mobila-1024x697.png 1024w, https:\/\/3dall.ro\/wp-content\/uploads\/2021\/06\/program_proiectare_mobila-300x204.png 300w, https:\/\/3dall.ro\/wp-content\/uploads\/2021\/06\/program_proiectare_mobila-768x523.png 768w, https:\/\/3dall.ro\/wp-content\/uploads\/2021\/06\/program_proiectare_mobila.png 1114w\" sizes=\"auto, (max-width: 1024px) 100vw, 1024px\" \/><\/figure><div class=\"wp-block-media-text__content\">\n<p class=\"header has-large-font-size\">On-demand design<\/p>\n\n\n\n<p class=\"column-text\">If you are not ready to make the transition to a custom-made database, but you have difficulties in carrying out more complex projects, or you simply need a helping hand when you are overloaded, we are offering you <strong>the custom design service<\/strong>.<\/p>\n\n\n\n<p class=\"column-text\">This means that you will have to provide us with the project sketch, and we will send you the project designed in imos or the execution documentation.<\/p>\n<\/div><\/div>\n<\/div><\/div>","protected":false},"excerpt":{"rendered":"<p>Baze de Date Personalizate Dac\u0103 e\u0219ti utilizator de imos probabil c\u0103 \u0219i tu ai dificult\u0103\u021bi \u00een a g\u0103si proiectan\u021bi, iar costurile salariale cu ace\u0219tia sunt semnificative. De multe ori proiectarea dureaz\u0103 mai mult dec\u00e2t ai dori, ceea ce determin\u0103 blocaje \u00een produc\u021bie \u0219i chiar imposibilitatea de a executa proiecte noi. Totodat\u0103, o baz\u0103 de date [&hellip;]<\/p>\n","protected":false},"author":1,"featured_media":0,"parent":0,"menu_order":0,"comment_status":"closed","ping_status":"closed","template":"","meta":{"footnotes":""},"class_list":["post-41","page","type-page","status-publish","hentry"],"_links":{"self":[{"href":"https:\/\/3dall.ro\/en\/wp-json\/wp\/v2\/pages\/41","targetHints":{"allow":["GET"]}}],"collection":[{"href":"https:\/\/3dall.ro\/en\/wp-json\/wp\/v2\/pages"}],"about":[{"href":"https:\/\/3dall.ro\/en\/wp-json\/wp\/v2\/types\/page"}],"author":[{"embeddable":true,"href":"https:\/\/3dall.ro\/en\/wp-json\/wp\/v2\/users\/1"}],"replies":[{"embeddable":true,"href":"https:\/\/3dall.ro\/en\/wp-json\/wp\/v2\/comments?post=41"}],"version-history":[{"count":23,"href":"https:\/\/3dall.ro\/en\/wp-json\/wp\/v2\/pages\/41\/revisions"}],"predecessor-version":[{"id":1939,"href":"https:\/\/3dall.ro\/en\/wp-json\/wp\/v2\/pages\/41\/revisions\/1939"}],"wp:attachment":[{"href":"https:\/\/3dall.ro\/en\/wp-json\/wp\/v2\/media?parent=41"}],"curies":[{"name":"wp","href":"https:\/\/api.w.org\/{rel}","templated":true}]}}