{"id":46,"date":"2021-05-13T17:54:20","date_gmt":"2021-05-13T17:54:20","guid":{"rendered":"https:\/\/3dall.ro\/?page_id=46"},"modified":"2025-06-16T11:08:38","modified_gmt":"2025-06-16T08:08:38","slug":"support","status":"publish","type":"page","link":"https:\/\/3dall.ro\/en\/support\/","title":{"rendered":"Support"},"content":{"rendered":"<div class=\"wp-block-group container support-block-1\"><div class=\"wp-block-group__inner-container is-layout-flow wp-block-group-is-layout-flow\">\n<p class=\"has-text-align-center subheader\">Because we want you to have all the information you need when using 3D ALL, we have created a series of video tutorials and technical materials, which you can find below.<\/p>\n<\/div><\/div>\n\n\n\n<div class=\"wp-block-group support-block-2\"><div class=\"wp-block-group__inner-container is-layout-flow wp-block-group-is-layout-flow\">\n<div class=\"wp-block-columns container is-layout-flex wp-container-core-columns-is-layout-9d6595d7 wp-block-columns-is-layout-flex\" id=\"video-support\">\n<div class=\"wp-block-column is-layout-flow wp-block-column-is-layout-flow\" style=\"flex-basis:33.33%\">\n<p class=\"header\">Video tutorials<\/p>\n\n\n\n<p class=\"simple-text btn\" id=\"configurare\"><a href=\"https:\/\/www.youtube.com\/embed\/-5yURAwtmxg\" target=\"_blank\" rel=\"noopener\">Ro<\/a><a href=\"https:\/\/www.youtube-nocookie.com\/embed\/-5yURAwtmxg\" target=\"_blank\" rel=\"noopener\">om configuration<\/a><\/p>\n\n\n\n<p class=\"simple-text btn\" id=\"setari\"><a href=\"https:\/\/www.youtube-nocookie.com\/embed\/rKJR-ASxc78\" target=\"_blank\" rel=\"noopener\">Global settings<\/a><\/p>\n\n\n\n<p class=\"simple-text btn\" id=\"corpuri\"><a href=\"https:\/\/www.youtube-nocookie.com\/embed\/g6migMGv8cU\" target=\"_blank\" rel=\"noopener\">Base cabinets<\/a><\/p>\n\n\n\n<p class=\"simple-text btn\" id=\"corpuri-1\"><a href=\"https:\/\/www.youtube-nocookie.com\/embed\/4ACWOVpfibE\" target=\"_blank\" rel=\"noopener\">Suspended cabinets<\/a><\/p>\n\n\n\n<p class=\"simple-text btn\" id=\"laterala\"><a href=\"https:\/\/www.youtube-nocookie.com\/embed\/H9-9L5AfK7s\" target=\"_blank\" rel=\"noopener\">Terminal side panel<\/a><\/p>\n\n\n\n<p class=\"simple-text btn\" id=\"plinte\"><a href=\"https:\/\/www.youtube-nocookie.com\/embed\/FMJ_lBMdUPQ\" target=\"_blank\" rel=\"noopener\">Plinths and work surfaces<\/a><\/p>\n\n\n\n<p class=\"simple-text btn\" id=\"decoratiuni\"><a href=\"https:\/\/www.youtube-nocookie.com\/embed\/x2BSR0Z2Q1Y\" target=\"_blank\" rel=\"noopener\">Decorations<\/a><\/p>\n\n\n\n<p class=\"simple-text btn\" id=\"randare\"><a href=\"https:\/\/www.youtube-nocookie.com\/embed\/Duq1dOMzyiA\" target=\"_blank\" rel=\"noopener\">Quick rendering<\/a><\/p>\n\n\n\n<p class=\"simple-text btn\" id=\"randare-1\"><a href=\"https:\/\/www.youtube-nocookie.com\/embed\/H-TDNlIQKg8\" target=\"_blank\" rel=\"noopener\">Advanced rendering<\/a><\/p>\n\n\n\n<p class=\"simple-text btn\" id=\"randare-1\"><a href=\"https:\/\/www.youtube-nocookie.com\/embed\/BYsc6wbTBvo\" target=\"_blank\" rel=\"noopener\">GOLA Kitchen<\/a><\/p>\n<\/div>\n\n\n\n<div class=\"wp-block-column is-layout-flow wp-block-column-is-layout-flow\" style=\"flex-basis:66.66%\">\n<figure class=\"video\"> \n<iframe src=\"https:\/\/www.youtube-nocookie.com\/embed\/ZVCtEgUZcD0\" title=\"YouTube video player\" allow=\"accelerometer; autoplay; clipboard-write; encrypted-media; gyroscope; picture-in-picture\" allowfullscreen=\"\" frameborder=\"0\"><\/iframe>\n<\/figure>\n<\/div>\n<\/div>\n<\/div><\/div>\n\n\n\n<div class=\"wp-block-group container support-block-1\"><div class=\"wp-block-group__inner-container is-layout-flow wp-block-group-is-layout-flow\">\n<div class=\"wp-block-group sub-group\"><div class=\"wp-block-group__inner-container is-layout-flow wp-block-group-is-layout-flow\">\n<p class=\"header\">Quick support<\/p>\n\n\n\n<p class=\"simple-text\">through desktop sharing<\/p>\n<\/div><\/div>\n\n\n\n<div class=\"wp-block-group sub-group\"><div class=\"wp-block-group__inner-container is-layout-flow wp-block-group-is-layout-flow\">\n<p class=\"header\"><a href=\"https:\/\/3dall.ro\/wp-content\/uploads\/2023\/12\/Lista-corpuri-parametrizabile-3D-ALL-Standard1123_compressed.pdf\" target=\"_blank\" rel=\"noreferrer noopener\">List of cabinets<\/a><\/p>\n\n\n\n<p class=\"simple-text\">dozens of cabinets, unlimited configurations<\/p>\n<\/div><\/div>\n<\/div><\/div>\n\n\n\n<p><\/p>","protected":false},"excerpt":{"rendered":"<p>Pentru c\u0103 ne dorim s\u0103 ai la \u00eendem\u00e2n\u0103 toate informa\u021biile de care ai nevoie \u00een utilizarea 3D ALL, am creat o serie de tutoriale video \u0219i materiale tehnice, pe care le reg\u0103se\u0219ti mai jos. Tutoriale video Configurare \u00eenc\u0103pere Set\u0103ri globale Corpuri de baz\u0103 Corpuri suspendate Lateral\u0103 terminal\u0103 Plinte \u0219i blaturi Decora\u021biuni Randare rapid\u0103 Randare avansat\u0103 [&hellip;]<\/p>\n","protected":false},"author":1,"featured_media":0,"parent":0,"menu_order":0,"comment_status":"closed","ping_status":"closed","template":"","meta":{"footnotes":""},"class_list":["post-46","page","type-page","status-publish","hentry"],"_links":{"self":[{"href":"https:\/\/3dall.ro\/en\/wp-json\/wp\/v2\/pages\/46","targetHints":{"allow":["GET"]}}],"collection":[{"href":"https:\/\/3dall.ro\/en\/wp-json\/wp\/v2\/pages"}],"about":[{"href":"https:\/\/3dall.ro\/en\/wp-json\/wp\/v2\/types\/page"}],"author":[{"embeddable":true,"href":"https:\/\/3dall.ro\/en\/wp-json\/wp\/v2\/users\/1"}],"replies":[{"embeddable":true,"href":"https:\/\/3dall.ro\/en\/wp-json\/wp\/v2\/comments?post=46"}],"version-history":[{"count":48,"href":"https:\/\/3dall.ro\/en\/wp-json\/wp\/v2\/pages\/46\/revisions"}],"predecessor-version":[{"id":1937,"href":"https:\/\/3dall.ro\/en\/wp-json\/wp\/v2\/pages\/46\/revisions\/1937"}],"wp:attachment":[{"href":"https:\/\/3dall.ro\/en\/wp-json\/wp\/v2\/media?parent=46"}],"curies":[{"name":"wp","href":"https:\/\/api.w.org\/{rel}","templated":true}]}}