{"id":50,"date":"2021-05-13T18:02:40","date_gmt":"2021-05-13T18:02:40","guid":{"rendered":"https:\/\/3dall.ro\/?page_id=50"},"modified":"2024-03-22T09:46:46","modified_gmt":"2024-03-22T07:46:46","slug":"contact","status":"publish","type":"page","link":"https:\/\/3dall.ro\/es\/contact\/","title":{"rendered":"Contacto"},"content":{"rendered":"<div class=\"wp-block-group contact-block-1\"><div class=\"wp-block-group__inner-container is-layout-flow wp-block-group-is-layout-flow\">\n<div class=\"wp-block-columns columns container is-layout-flex wp-container-core-columns-is-layout-9d6595d7 wp-block-columns-is-layout-flex\">\n<div class=\"wp-block-column column column-1 is-layout-flow wp-block-column-is-layout-flow\">\n<div class=\"wp-block-group details-group\"><div class=\"wp-block-group__inner-container is-layout-flow wp-block-group-is-layout-flow\">\n<p class=\"header\">P\u00f3ngase en contacto con nosotros.<\/p>\n\n\n\n<p class=\"subheader\">Empresa<\/p>\n\n\n\n<p class=\"details-text\">Tesagon Interna\u021bional SRL | RO35188587 | J29\/1578\/2015<\/p>\n\n\n\n<p class=\"subheader\">Direcci\u00f3n<\/p>\n\n\n\n<p class=\"details-text\">Strada S\u0103n\u0103t\u0103\u021bii nr. 9, P\u0103ule\u0219tii Noi, Prahova<\/p>\n\n\n\n<p class=\"subheader\">Tel\u00e9fono<\/p>\n\n\n\n<p class=\"details-text\">(0040) 746 010 593<\/p>\n\n\n\n<p class=\"subheader\">Correo electr\u00f3nico<\/p>\n\n\n\n<p class=\"details-text\">office@tesagon.com<\/p>\n<\/div><\/div>\n\n\n\n<figure class=\"wp-block-image size-full img-responsive\"><img loading=\"lazy\" decoding=\"async\" width=\"1307\" height=\"750\" src=\"https:\/\/3dall.ro\/wp-content\/uploads\/2024\/03\/harta_tesagon-e1711093477605.png\" alt=\"\" class=\"wp-image-1846\" title=\"\" srcset=\"https:\/\/3dall.ro\/wp-content\/uploads\/2024\/03\/harta_tesagon-e1711093477605.png 1307w, https:\/\/3dall.ro\/wp-content\/uploads\/2024\/03\/harta_tesagon-e1711093477605-300x172.png 300w, https:\/\/3dall.ro\/wp-content\/uploads\/2024\/03\/harta_tesagon-e1711093477605-1024x588.png 1024w, https:\/\/3dall.ro\/wp-content\/uploads\/2024\/03\/harta_tesagon-e1711093477605-768x441.png 768w, https:\/\/3dall.ro\/wp-content\/uploads\/2024\/03\/harta_tesagon-e1711093477605-18x10.png 18w\" sizes=\"auto, (max-width: 1307px) 100vw, 1307px\" \/><\/figure>\n<\/div>\n\n\n\n<div class=\"wp-block-column column column-2 is-layout-flow wp-block-column-is-layout-flow\">\n<div class=\"wp-block-group form-body\"><div class=\"wp-block-group__inner-container is-layout-flow wp-block-group-is-layout-flow\">\n<p class=\"has-text-align-center header\">Env\u00eda un mensaje. Nos pondremos en contacto contigo.<\/p>\n\n\n\n<form id=\"contact_form\" class=\"contact-form\" method=\"POST\" action=\"\">\n <p id=\"contact_success\" class=\"hidden\"> Mesajul a fost trimis cu succes ! <\/p>\n <input type=\"email\" id=\"contact_email\" name=\"email\" placeholder=\"Correo electr\u00f3nico*\" required=\"\">\n <input type=\"text\" id=\"contact_name\" name=\"name\" placeholder=\"Nombre y apellidos*\" required=\"\">\n <input type=\"tel\" id=\"contact_phone\" name=\"phone\" size=\"10\" placeholder=\"Tel\u00e9fono (opcional)\">\n <textarea id=\"contact_message\" name=\"message\" rows=\"6\" maxlength=\"3000\" placeholder=\"Mensaje*\" required=\"\"><\/textarea>\n<input type=\"hidden\" name=\"trp-form-language\" value=\"es\"\/><\/form>\n\n\n\n<div class=\"wp-block-group div-submit\"><div class=\"wp-block-group__inner-container is-layout-flow wp-block-group-is-layout-flow\">\n<p class=\"has-text-align-left small-text\">Los campos marcados con * son obligatorios<\/p>\n\n\n\n<button id=\"send-contact\" class=\"form-button\" form=\"contact_form\"> Env\u00ede <\/button>\n<\/div><\/div>\n\n\n\n<p class=\"small-text\">Al hacer clic en el bot\u00f3n, usted acepta que TESAGON INTERNATIONAL SRL almacene y procese sus datos personales y le env\u00ede correos electr\u00f3nicos.<\/p>\n<\/div><\/div>\n<\/div>\n<\/div>\n<\/div><\/div>\n\n\n\n<div id=\"form_modal\" class=\"wp-block-group form_modal\"><div class=\"wp-block-group__inner-container is-layout-flow wp-block-group-is-layout-flow\">\n<p>Mul\u021bumim pentru mesaj. Te contact\u0103m noi<\/p>\n<\/div><\/div>","protected":false},"excerpt":{"rendered":"<p>Contacteaz\u0103-ne. Societate Tesagon Interna\u021bional SRL | RO35188587 | J29\/1578\/2015 Adresa Strada S\u0103n\u0103t\u0103\u021bii nr. 9, P\u0103ule\u0219tii Noi, Prahova Telefon (0040) 746 010 593 E-Mail office@tesagon.com Trimite un mesaj. Te contact\u0103m noi. Mesajul a fost trimis cu succes ! C\u00e2mpurile marcate cu * sunt obligatorii Trimite By clicking the button you agree to allow TESAGON INTERNATIONAL SRL [&hellip;]<\/p>\n","protected":false},"author":1,"featured_media":0,"parent":0,"menu_order":0,"comment_status":"closed","ping_status":"closed","template":"","meta":{"footnotes":""},"class_list":["post-50","page","type-page","status-publish","hentry"],"_links":{"self":[{"href":"https:\/\/3dall.ro\/es\/wp-json\/wp\/v2\/pages\/50","targetHints":{"allow":["GET"]}}],"collection":[{"href":"https:\/\/3dall.ro\/es\/wp-json\/wp\/v2\/pages"}],"about":[{"href":"https:\/\/3dall.ro\/es\/wp-json\/wp\/v2\/types\/page"}],"author":[{"embeddable":true,"href":"https:\/\/3dall.ro\/es\/wp-json\/wp\/v2\/users\/1"}],"replies":[{"embeddable":true,"href":"https:\/\/3dall.ro\/es\/wp-json\/wp\/v2\/comments?post=50"}],"version-history":[{"count":85,"href":"https:\/\/3dall.ro\/es\/wp-json\/wp\/v2\/pages\/50\/revisions"}],"predecessor-version":[{"id":1848,"href":"https:\/\/3dall.ro\/es\/wp-json\/wp\/v2\/pages\/50\/revisions\/1848"}],"wp:attachment":[{"href":"https:\/\/3dall.ro\/es\/wp-json\/wp\/v2\/media?parent=50"}],"curies":[{"name":"wp","href":"https:\/\/api.w.org\/{rel}","templated":true}]}}